{"id":138,"date":"2020-03-19T10:31:37","date_gmt":"2020-03-19T09:31:37","guid":{"rendered":"https:\/\/www.bonet.cz\/bonet\/?page_id=138"},"modified":"2020-03-19T20:50:03","modified_gmt":"2020-03-19T19:50:03","slug":"kamerove-systemy","status":"publish","type":"page","link":"https:\/\/www.bonet.cz\/bonet\/index.php\/kamerove-systemy\/","title":{"rendered":"Kamerov\u00e9 syst\u00e9my"},"content":{"rendered":"\n<p>Dod\u00e1v\u00e1me kamerov\u00e9 syst\u00e9my do prodejen, v\u00fdrobn\u00edch hal i pro dom\u00e1cnosti. Od jednoduch\u00fdch syst\u00e9m\u016f CCTV a\u017e po profesion\u00e1ln\u00ed \u0159e\u0161en\u00ed s IP kamerami a servery.<\/p>\n\n\n\n<ul class=\"wp-block-list\"><li>analogov\u00e9 a IP kamerov\u00e9 syst\u00e9my<\/li><li>interi\u00e9rov\u00e9 i venkovn\u00ed instalace<\/li><li>vzd\u00e1len\u00fd on-line p\u0159\u00edstup ke kamerov\u00fdm dat\u016fm<\/li><li>software pro tablety a mobiln\u00ed telefony (iOS a Android)<\/li><li>mo\u017enost nahr\u00e1v\u00e1n\u00ed a ukl\u00e1d\u00e1n\u00ed dat<\/li><li>kompletn\u00ed instalace na kl\u00ed\u010d<\/li><\/ul>\n","protected":false},"excerpt":{"rendered":"<p>Dod\u00e1v\u00e1me kamerov\u00e9 syst\u00e9my do prodejen, v\u00fdrobn\u00edch hal i pro dom\u00e1cnosti. Od jednoduch\u00fdch syst\u00e9m\u016f CCTV a\u017e po profesion\u00e1ln\u00ed \u0159e\u0161en\u00ed s IP kamerami a servery. analogov\u00e9 a IP kamerov\u00e9 syst\u00e9my interi\u00e9rov\u00e9 i venkovn\u00ed instalace vzd\u00e1len\u00fd on-line p\u0159\u00edstup ke kamerov\u00fdm dat\u016fm software pro tablety a mobiln\u00ed telefony (iOS a Android) mo\u017enost nahr\u00e1v\u00e1n\u00ed a [&hellip;]<\/p>\n","protected":false},"author":1,"featured_media":0,"parent":0,"menu_order":0,"comment_status":"closed","ping_status":"closed","template":"","meta":{"footnotes":""},"class_list":["post-138","page","type-page","status-publish","hentry"],"_links":{"self":[{"href":"https:\/\/www.bonet.cz\/bonet\/index.php\/wp-json\/wp\/v2\/pages\/138","targetHints":{"allow":["GET"]}}],"collection":[{"href":"https:\/\/www.bonet.cz\/bonet\/index.php\/wp-json\/wp\/v2\/pages"}],"about":[{"href":"https:\/\/www.bonet.cz\/bonet\/index.php\/wp-json\/wp\/v2\/types\/page"}],"author":[{"embeddable":true,"href":"https:\/\/www.bonet.cz\/bonet\/index.php\/wp-json\/wp\/v2\/users\/1"}],"replies":[{"embeddable":true,"href":"https:\/\/www.bonet.cz\/bonet\/index.php\/wp-json\/wp\/v2\/comments?post=138"}],"version-history":[{"count":2,"href":"https:\/\/www.bonet.cz\/bonet\/index.php\/wp-json\/wp\/v2\/pages\/138\/revisions"}],"predecessor-version":[{"id":191,"href":"https:\/\/www.bonet.cz\/bonet\/index.php\/wp-json\/wp\/v2\/pages\/138\/revisions\/191"}],"wp:attachment":[{"href":"https:\/\/www.bonet.cz\/bonet\/index.php\/wp-json\/wp\/v2\/media?parent=138"}],"curies":[{"name":"wp","href":"https:\/\/api.w.org\/{rel}","templated":true}]}}