{"id":137,"date":"2020-03-19T10:31:37","date_gmt":"2020-03-19T09:31:37","guid":{"rendered":"https:\/\/www.bonet.cz\/bonet\/?page_id=137"},"modified":"2020-03-19T20:47:58","modified_gmt":"2020-03-19T19:47:58","slug":"alarmy","status":"publish","type":"page","link":"https:\/\/www.bonet.cz\/bonet\/index.php\/alarmy\/","title":{"rendered":"Alarmy"},"content":{"rendered":"\n<p>Zabezpe\u010den\u00ed bytu\/domu (gar\u00e1\u017ee, baz\u00e9nu, zahrady) v\u010detn\u011b d\u00e1lkov\u00e9ho p\u0159\u00edstupu.<\/p>\n\n\n\n<ul class=\"wp-block-list\"><li>unik\u00e1tn\u00ed syst\u00e9m zabezpe\u010den\u00ed a ovl\u00e1d\u00e1n\u00ed domu, bytu nebo jin\u00e9ho objektu<\/li><li>mo\u017enost regulace topen\u00ed, v\u011btr\u00e1n\u00ed (rekuperace)<\/li><li>mo\u017enost d\u00e1lkov\u00e9ho ovl\u00e1d\u00e1n\u00ed po internetu a\/nebo z mobiln\u00edho telefonu<\/li><li>n\u00e1vrh zabezpe\u010den\u00ed a cenov\u00e1 kalkulace zdarma<\/li><li>instalace bezdr\u00e1tov\u00e9 verze pro RD zdarma<\/li><li>individu\u00e1ln\u00ed p\u0159\u00edstup, osobn\u00ed jedn\u00e1n\u00ed<\/li><\/ul>\n","protected":false},"excerpt":{"rendered":"<p>Zabezpe\u010den\u00ed bytu\/domu (gar\u00e1\u017ee, baz\u00e9nu, zahrady) v\u010detn\u011b d\u00e1lkov\u00e9ho p\u0159\u00edstupu. unik\u00e1tn\u00ed syst\u00e9m zabezpe\u010den\u00ed a ovl\u00e1d\u00e1n\u00ed domu, bytu nebo jin\u00e9ho objektu mo\u017enost regulace topen\u00ed, v\u011btr\u00e1n\u00ed (rekuperace) mo\u017enost d\u00e1lkov\u00e9ho ovl\u00e1d\u00e1n\u00ed po internetu a\/nebo z mobiln\u00edho telefonu n\u00e1vrh zabezpe\u010den\u00ed a cenov\u00e1 kalkulace zdarma instalace bezdr\u00e1tov\u00e9 verze pro RD zdarma individu\u00e1ln\u00ed p\u0159\u00edstup, osobn\u00ed jedn\u00e1n\u00ed<\/p>\n","protected":false},"author":1,"featured_media":0,"parent":0,"menu_order":0,"comment_status":"closed","ping_status":"closed","template":"","meta":{"footnotes":""},"class_list":["post-137","page","type-page","status-publish","hentry"],"_links":{"self":[{"href":"https:\/\/www.bonet.cz\/bonet\/index.php\/wp-json\/wp\/v2\/pages\/137","targetHints":{"allow":["GET"]}}],"collection":[{"href":"https:\/\/www.bonet.cz\/bonet\/index.php\/wp-json\/wp\/v2\/pages"}],"about":[{"href":"https:\/\/www.bonet.cz\/bonet\/index.php\/wp-json\/wp\/v2\/types\/page"}],"author":[{"embeddable":true,"href":"https:\/\/www.bonet.cz\/bonet\/index.php\/wp-json\/wp\/v2\/users\/1"}],"replies":[{"embeddable":true,"href":"https:\/\/www.bonet.cz\/bonet\/index.php\/wp-json\/wp\/v2\/comments?post=137"}],"version-history":[{"count":2,"href":"https:\/\/www.bonet.cz\/bonet\/index.php\/wp-json\/wp\/v2\/pages\/137\/revisions"}],"predecessor-version":[{"id":190,"href":"https:\/\/www.bonet.cz\/bonet\/index.php\/wp-json\/wp\/v2\/pages\/137\/revisions\/190"}],"wp:attachment":[{"href":"https:\/\/www.bonet.cz\/bonet\/index.php\/wp-json\/wp\/v2\/media?parent=137"}],"curies":[{"name":"wp","href":"https:\/\/api.w.org\/{rel}","templated":true}]}}