{"id":130,"date":"2020-03-19T10:29:39","date_gmt":"2020-03-19T09:29:39","guid":{"rendered":"https:\/\/www.bonet.cz\/bonet\/?page_id=130"},"modified":"2020-03-19T15:16:05","modified_gmt":"2020-03-19T14:16:05","slug":"apple","status":"publish","type":"page","link":"https:\/\/www.bonet.cz\/bonet\/index.php\/apple\/","title":{"rendered":"Apple"},"content":{"rendered":"\n<p>iPhone &#8211; iPad &#8211; iPod &#8211; iWatch &#8211; iMac &#8211; MacBook Air &#8211; MacBook Pro<\/p>\n\n\n\n<ul class=\"wp-block-list\"><li>prodej ve\u0161ker\u00e9ho sortimentu od autorizovan\u00fdch dodavatel\u016f<\/li><li>nastaven\u00ed dle p\u0159\u00e1n\u00ed z\u00e1kazn\u00edka<\/li><li>z\u00e1ru\u010dn\u00ed i poz\u00e1ru\u010dn\u00ed servis<\/li><li>instalace opera\u010dn\u00edho syst\u00e9mu MacOSx a iOS<\/li><li>prodej p\u0159\u00edslu\u0161enstv\u00ed<\/li><\/ul>\n","protected":false},"excerpt":{"rendered":"<p>iPhone &#8211; iPad &#8211; iPod &#8211; iWatch &#8211; iMac &#8211; MacBook Air &#8211; MacBook Pro prodej ve\u0161ker\u00e9ho sortimentu od autorizovan\u00fdch dodavatel\u016f nastaven\u00ed dle p\u0159\u00e1n\u00ed z\u00e1kazn\u00edka z\u00e1ru\u010dn\u00ed i poz\u00e1ru\u010dn\u00ed servis instalace opera\u010dn\u00edho syst\u00e9mu MacOSx a iOS prodej p\u0159\u00edslu\u0161enstv\u00ed<\/p>\n","protected":false},"author":1,"featured_media":0,"parent":0,"menu_order":0,"comment_status":"closed","ping_status":"closed","template":"","meta":{"footnotes":""},"class_list":["post-130","page","type-page","status-publish","hentry"],"_links":{"self":[{"href":"https:\/\/www.bonet.cz\/bonet\/index.php\/wp-json\/wp\/v2\/pages\/130","targetHints":{"allow":["GET"]}}],"collection":[{"href":"https:\/\/www.bonet.cz\/bonet\/index.php\/wp-json\/wp\/v2\/pages"}],"about":[{"href":"https:\/\/www.bonet.cz\/bonet\/index.php\/wp-json\/wp\/v2\/types\/page"}],"author":[{"embeddable":true,"href":"https:\/\/www.bonet.cz\/bonet\/index.php\/wp-json\/wp\/v2\/users\/1"}],"replies":[{"embeddable":true,"href":"https:\/\/www.bonet.cz\/bonet\/index.php\/wp-json\/wp\/v2\/comments?post=130"}],"version-history":[{"count":2,"href":"https:\/\/www.bonet.cz\/bonet\/index.php\/wp-json\/wp\/v2\/pages\/130\/revisions"}],"predecessor-version":[{"id":186,"href":"https:\/\/www.bonet.cz\/bonet\/index.php\/wp-json\/wp\/v2\/pages\/130\/revisions\/186"}],"wp:attachment":[{"href":"https:\/\/www.bonet.cz\/bonet\/index.php\/wp-json\/wp\/v2\/media?parent=130"}],"curies":[{"name":"wp","href":"https:\/\/api.w.org\/{rel}","templated":true}]}}