{"id":129,"date":"2020-03-19T10:29:39","date_gmt":"2020-03-19T09:29:39","guid":{"rendered":"https:\/\/www.bonet.cz\/bonet\/?page_id=129"},"modified":"2021-02-08T14:12:34","modified_gmt":"2021-02-08T13:12:34","slug":"internet","status":"publish","type":"page","link":"https:\/\/www.bonet.cz\/bonet\/index.php\/internet\/","title":{"rendered":"Internet"},"content":{"rendered":"\n<p>Na\u0161e spole\u010dnost ukon\u010dila slu\u017ebu poskytov\u00e1n\u00ed internetu k 31. 12. 2020.<\/p>\n\n\n\n<p><\/p>\n","protected":false},"excerpt":{"rendered":"<p>Na\u0161e spole\u010dnost ukon\u010dila slu\u017ebu poskytov\u00e1n\u00ed internetu k 31. 12. 2020.<\/p>\n","protected":false},"author":1,"featured_media":0,"parent":0,"menu_order":0,"comment_status":"closed","ping_status":"closed","template":"","meta":{"footnotes":""},"class_list":["post-129","page","type-page","status-publish","hentry"],"_links":{"self":[{"href":"https:\/\/www.bonet.cz\/bonet\/index.php\/wp-json\/wp\/v2\/pages\/129","targetHints":{"allow":["GET"]}}],"collection":[{"href":"https:\/\/www.bonet.cz\/bonet\/index.php\/wp-json\/wp\/v2\/pages"}],"about":[{"href":"https:\/\/www.bonet.cz\/bonet\/index.php\/wp-json\/wp\/v2\/types\/page"}],"author":[{"embeddable":true,"href":"https:\/\/www.bonet.cz\/bonet\/index.php\/wp-json\/wp\/v2\/users\/1"}],"replies":[{"embeddable":true,"href":"https:\/\/www.bonet.cz\/bonet\/index.php\/wp-json\/wp\/v2\/comments?post=129"}],"version-history":[{"count":6,"href":"https:\/\/www.bonet.cz\/bonet\/index.php\/wp-json\/wp\/v2\/pages\/129\/revisions"}],"predecessor-version":[{"id":217,"href":"https:\/\/www.bonet.cz\/bonet\/index.php\/wp-json\/wp\/v2\/pages\/129\/revisions\/217"}],"wp:attachment":[{"href":"https:\/\/www.bonet.cz\/bonet\/index.php\/wp-json\/wp\/v2\/media?parent=129"}],"curies":[{"name":"wp","href":"https:\/\/api.w.org\/{rel}","templated":true}]}}