{"id":127,"date":"2020-03-19T10:29:39","date_gmt":"2020-03-19T09:29:39","guid":{"rendered":"https:\/\/www.bonet.cz\/bonet\/?page_id=127"},"modified":"2020-03-19T13:56:56","modified_gmt":"2020-03-19T12:56:56","slug":"virtualizace","status":"publish","type":"page","link":"https:\/\/www.bonet.cz\/bonet\/index.php\/virtualizace\/","title":{"rendered":"Virtualizace"},"content":{"rendered":"\n<p>Virtualizace je mocn\u00fd n\u00e1stroj jak minimalizovat n\u00e1klady na provoz server\u016f a z\u00e1rove\u0148 zajistit jejich vysokou dostupnost za jak\u00e9koliv situace. V t\u00e9to oblasti spolupracujeme s l\u00eddrem a inov\u00e1torem ve virtualizaci &#8211; spole\u010dnost\u00ed VMware.<\/p>\n\n\n\n<p>P\u0159idan\u00e1 hodnota virtualizace:<\/p>\n\n\n\n<ul class=\"wp-block-list\"><li>p\u0159evod st\u00e1vaj\u00edc\u00edho hardwaru a softwaru do virtu\u00e1ln\u00edho PC<\/li><li>virtu\u00e1ln\u00ed PC je nez\u00e1visl\u00e9 na pou\u017eit\u00e9m hardwaru<\/li><li>zaji\u0161t\u011bn\u00ed vysok\u00e9 dostupnosti slu\u010dov\u00e1n\u00edm server\u016f do cluster\u016f<\/li><li>jednoduchou spr\u00e1vu v\u0161ech syst\u00e9m\u016f<\/li><li>rychl\u00e9 obnoven\u00ed provozu v p\u0159\u00edpad\u011b hav\u00e1rie<\/li><li>sn\u00ed\u017een\u00ed n\u00e1klad\u016f na energie<\/li><li>konsolidace hardwaru a\u017e v pom\u011bru 10:1<\/li><li>virtualizaci \u00falo\u017ei\u0161\u0165, cel\u00fdch s\u00edt\u00ed i pracovn\u00edch ploch <\/li><\/ul>\n\n\n\n<p><\/p>\n","protected":false},"excerpt":{"rendered":"<p>Virtualizace je mocn\u00fd n\u00e1stroj jak minimalizovat n\u00e1klady na provoz server\u016f a z\u00e1rove\u0148 zajistit jejich vysokou dostupnost za jak\u00e9koliv situace. V t\u00e9to oblasti spolupracujeme s l\u00eddrem a inov\u00e1torem ve virtualizaci &#8211; spole\u010dnost\u00ed VMware. P\u0159idan\u00e1 hodnota virtualizace: p\u0159evod st\u00e1vaj\u00edc\u00edho hardwaru a softwaru do virtu\u00e1ln\u00edho PC virtu\u00e1ln\u00ed PC je nez\u00e1visl\u00e9 na pou\u017eit\u00e9m hardwaru [&hellip;]<\/p>\n","protected":false},"author":1,"featured_media":0,"parent":0,"menu_order":0,"comment_status":"closed","ping_status":"closed","template":"","meta":{"footnotes":""},"class_list":["post-127","page","type-page","status-publish","hentry"],"_links":{"self":[{"href":"https:\/\/www.bonet.cz\/bonet\/index.php\/wp-json\/wp\/v2\/pages\/127","targetHints":{"allow":["GET"]}}],"collection":[{"href":"https:\/\/www.bonet.cz\/bonet\/index.php\/wp-json\/wp\/v2\/pages"}],"about":[{"href":"https:\/\/www.bonet.cz\/bonet\/index.php\/wp-json\/wp\/v2\/types\/page"}],"author":[{"embeddable":true,"href":"https:\/\/www.bonet.cz\/bonet\/index.php\/wp-json\/wp\/v2\/users\/1"}],"replies":[{"embeddable":true,"href":"https:\/\/www.bonet.cz\/bonet\/index.php\/wp-json\/wp\/v2\/comments?post=127"}],"version-history":[{"count":2,"href":"https:\/\/www.bonet.cz\/bonet\/index.php\/wp-json\/wp\/v2\/pages\/127\/revisions"}],"predecessor-version":[{"id":174,"href":"https:\/\/www.bonet.cz\/bonet\/index.php\/wp-json\/wp\/v2\/pages\/127\/revisions\/174"}],"wp:attachment":[{"href":"https:\/\/www.bonet.cz\/bonet\/index.php\/wp-json\/wp\/v2\/media?parent=127"}],"curies":[{"name":"wp","href":"https:\/\/api.w.org\/{rel}","templated":true}]}}