{"id":122,"date":"2020-03-19T10:26:29","date_gmt":"2020-03-19T09:26:29","guid":{"rendered":"https:\/\/www.bonet.cz\/bonet\/?page_id=122"},"modified":"2020-03-19T23:53:45","modified_gmt":"2020-03-19T22:53:45","slug":"diskova-pole","status":"publish","type":"page","link":"https:\/\/www.bonet.cz\/bonet\/index.php\/diskova-pole\/","title":{"rendered":"Diskov\u00e1 pole"},"content":{"rendered":"\n<p class=\"has-text-align-left\">Portfolio n\u00e1mi nab\u00edzen\u00fdch produkt\u016f v oblasti diskov\u00fdch pol\u00ed a \u00falo\u017ei\u0161\u0165 je \u0161irok\u00e9. Za v\u0161echny jmenujme pro dom\u00e1c\u00ed pou\u017eit\u00ed a pro mal\u00e9 firmy zna\u010dky <strong>Synology<\/strong> a <strong>QNAP<\/strong>.<\/p>\n\n\n\n<p class=\"has-text-align-left\">Velk\u00fdm podnik\u016fm nab\u00edz\u00edme diskov\u00e1 pole <strong>HP <\/strong>a <strong>DELL<\/strong>.<\/p>\n\n\n\n<p class=\"has-text-align-left\">V\u0161echna \u0159e\u0161en\u00ed je mo\u017en\u00e9 p\u0159ipojit <strong>optick\u00fdm <\/strong>a\/nebo <strong>metalick\u00fdm <\/strong>rozhran\u00edm k Va\u0161\u00ed s\u00edti, serveru \u010di pracovn\u00ed stanici.<\/p>\n\n\n\n<p>Dom\u00e1c\u00ed \u00falo\u017ei\u0161t\u011b slou\u017e\u00ed zejm\u00e9na:<\/p>\n\n\n\n<ul class=\"wp-block-list\"><li>pro ukl\u00e1d\u00e1n\u00ed rodinn\u00fdch fotografi\u00ed a vide\u00ed<\/li><li>pro z\u00e1lohov\u00e1n\u00ed dat z dom\u00e1c\u00edch po\u010d\u00edta\u010d\u016f<\/li><li>jako multimedi\u00e1ln\u00ed centrum dom\u00e1cnosti<\/li><li>pro vytvo\u0159en\u00ed osobn\u00edho cloudu<\/li><li>jako dom\u00e1c\u00ed kamerov\u00fd syst\u00e9m s vzd\u00e1len\u00fdm p\u0159\u00edstupem<\/li><\/ul>\n\n\n\n<p>Diskov\u00e1 pole v\u00fdrobc\u016f HP a DELL nab\u00edz\u00ed vysok\u00fd v\u00fdkon a jsou ur\u010dena pro profesion\u00e1ln\u00ed pou\u017eit\u00ed p\u0159i virtualizaci nebo v\u00fdstavb\u011b clusterov\u00fdch syst\u00e9m\u016f.<\/p>\n","protected":false},"excerpt":{"rendered":"<p>Portfolio n\u00e1mi nab\u00edzen\u00fdch produkt\u016f v oblasti diskov\u00fdch pol\u00ed a \u00falo\u017ei\u0161\u0165 je \u0161irok\u00e9. Za v\u0161echny jmenujme pro dom\u00e1c\u00ed pou\u017eit\u00ed a pro mal\u00e9 firmy zna\u010dky Synology a QNAP. Velk\u00fdm podnik\u016fm nab\u00edz\u00edme diskov\u00e1 pole HP a DELL. V\u0161echna \u0159e\u0161en\u00ed je mo\u017en\u00e9 p\u0159ipojit optick\u00fdm a\/nebo metalick\u00fdm rozhran\u00edm k Va\u0161\u00ed s\u00edti, serveru \u010di pracovn\u00ed stanici. [&hellip;]<\/p>\n","protected":false},"author":1,"featured_media":0,"parent":0,"menu_order":0,"comment_status":"closed","ping_status":"closed","template":"","meta":{"footnotes":""},"class_list":["post-122","page","type-page","status-publish","hentry"],"_links":{"self":[{"href":"https:\/\/www.bonet.cz\/bonet\/index.php\/wp-json\/wp\/v2\/pages\/122","targetHints":{"allow":["GET"]}}],"collection":[{"href":"https:\/\/www.bonet.cz\/bonet\/index.php\/wp-json\/wp\/v2\/pages"}],"about":[{"href":"https:\/\/www.bonet.cz\/bonet\/index.php\/wp-json\/wp\/v2\/types\/page"}],"author":[{"embeddable":true,"href":"https:\/\/www.bonet.cz\/bonet\/index.php\/wp-json\/wp\/v2\/users\/1"}],"replies":[{"embeddable":true,"href":"https:\/\/www.bonet.cz\/bonet\/index.php\/wp-json\/wp\/v2\/comments?post=122"}],"version-history":[{"count":4,"href":"https:\/\/www.bonet.cz\/bonet\/index.php\/wp-json\/wp\/v2\/pages\/122\/revisions"}],"predecessor-version":[{"id":209,"href":"https:\/\/www.bonet.cz\/bonet\/index.php\/wp-json\/wp\/v2\/pages\/122\/revisions\/209"}],"wp:attachment":[{"href":"https:\/\/www.bonet.cz\/bonet\/index.php\/wp-json\/wp\/v2\/media?parent=122"}],"curies":[{"name":"wp","href":"https:\/\/api.w.org\/{rel}","templated":true}]}}