{"id":110,"date":"2020-03-19T10:22:45","date_gmt":"2020-03-19T09:22:45","guid":{"rendered":"https:\/\/www.bonet.cz\/bonet\/?page_id=110"},"modified":"2022-05-18T14:42:45","modified_gmt":"2022-05-18T12:42:45","slug":"podpora","status":"publish","type":"page","link":"https:\/\/www.bonet.cz\/bonet\/index.php\/podpora\/","title":{"rendered":"Podpora"},"content":{"rendered":"\n<p class=\"has-text-align-left\">Po\u017eadujete-li vzd\u00e1lenou pomoc, klikn\u011bte na odkaz podle Va\u0161eho opera\u010dn\u00edho syst\u00e9mu.<br>Sta\u017een\u00fd soubor spus\u0165te, zavolejte na\u0161im technik\u016fm a sd\u011blte jim V\u00e1\u0161 vygenerovan\u00fd k\u00f3d pro p\u0159ipojen\u00ed k V\u00e1m.<\/p>\n\n\n\n<p class=\"has-text-align-center\">Pro opera\u010dn\u00ed syst\u00e9m Windows &#8211; <strong><a href=\"https:\/\/www.bonet.cz\/podpora\/AnyDesk_BONET.exe\">st\u00e1hnout<\/a> <\/strong><br>Pro opera\u010dn\u00ed syst\u00e9m MacOSX &#8211; <a href=\"https:\/\/www.bonet.cz\/podpora\/AnyDesk_BONET.dmg\" data-type=\"URL\" data-id=\"https:\/\/www.bonet.cz\/podpora\/AnyDesk_BONET.dmg\"><strong>st\u00e1hnout<\/strong><\/a><\/p>\n\n\n\n<p class=\"has-text-align-center\"><strong>Servisn\u00ed podpora: +420 495 220 087<\/strong><\/p>\n","protected":false},"excerpt":{"rendered":"<p>Po\u017eadujete-li vzd\u00e1lenou pomoc, klikn\u011bte na odkaz podle Va\u0161eho opera\u010dn\u00edho syst\u00e9mu.Sta\u017een\u00fd soubor spus\u0165te, zavolejte na\u0161im technik\u016fm a sd\u011blte jim V\u00e1\u0161 vygenerovan\u00fd k\u00f3d pro p\u0159ipojen\u00ed k V\u00e1m. Pro opera\u010dn\u00ed syst\u00e9m Windows &#8211; st\u00e1hnout Pro opera\u010dn\u00ed syst\u00e9m MacOSX &#8211; st\u00e1hnout Servisn\u00ed podpora: +420 495 220 087<\/p>\n","protected":false},"author":1,"featured_media":0,"parent":0,"menu_order":0,"comment_status":"closed","ping_status":"closed","template":"","meta":{"footnotes":""},"class_list":["post-110","page","type-page","status-publish","hentry"],"_links":{"self":[{"href":"https:\/\/www.bonet.cz\/bonet\/index.php\/wp-json\/wp\/v2\/pages\/110","targetHints":{"allow":["GET"]}}],"collection":[{"href":"https:\/\/www.bonet.cz\/bonet\/index.php\/wp-json\/wp\/v2\/pages"}],"about":[{"href":"https:\/\/www.bonet.cz\/bonet\/index.php\/wp-json\/wp\/v2\/types\/page"}],"author":[{"embeddable":true,"href":"https:\/\/www.bonet.cz\/bonet\/index.php\/wp-json\/wp\/v2\/users\/1"}],"replies":[{"embeddable":true,"href":"https:\/\/www.bonet.cz\/bonet\/index.php\/wp-json\/wp\/v2\/comments?post=110"}],"version-history":[{"count":11,"href":"https:\/\/www.bonet.cz\/bonet\/index.php\/wp-json\/wp\/v2\/pages\/110\/revisions"}],"predecessor-version":[{"id":222,"href":"https:\/\/www.bonet.cz\/bonet\/index.php\/wp-json\/wp\/v2\/pages\/110\/revisions\/222"}],"wp:attachment":[{"href":"https:\/\/www.bonet.cz\/bonet\/index.php\/wp-json\/wp\/v2\/media?parent=110"}],"curies":[{"name":"wp","href":"https:\/\/api.w.org\/{rel}","templated":true}]}}